{"id":1017,"date":"2021-09-27T09:18:22","date_gmt":"2021-09-27T07:18:22","guid":{"rendered":"https:\/\/wordpress.swissbells.com\/?page_id=1017"},"modified":"2021-09-30T11:27:39","modified_gmt":"2021-09-30T09:27:39","slug":"glossary","status":"publish","type":"page","link":"https:\/\/www.swissbells.com\/en\/glossary\/","title":{"rendered":"Glossary index"},"content":{"rendered":"<div class=\"cm-glossary\"><div class=\"glossary-container \"><input type=\"hidden\" class=\"cmtt-attribute-field\" name=\"glossary_index_style\" value=\"classic\"><div id=\"glossaryList-nav\" class=\"listNav \" role=\"tablist\"><\/div><ul class=\"glossaryList\" role=\"tablist\" id=\"glossaryList\" itemscope itemtype=\"https:\/\/schema.org\/DefinedTermSet\"><li class=\"\" itemscope itemtype=\"https:\/\/schema.org\/DefinedTerm\"><a href=\"https:\/\/www.swissbells.com\/en\/glossary\/arsenic\/\" role=\"term\" class=\"glossaryLink glossary-link-title \" style=\"\" itemprop=\"url\" aria-describedby=\"tt\" data-cmtooltip=\"&lt;div class=glossaryItemTitle&gt;Arsenic&lt;\/div&gt;&lt;div class=glossaryItemBody&gt;&amp;lt;strong&amp;gt;Arsenic&amp;lt;\/strong&amp;gt; is a chemical element with the element symbol As and the atomic number 33. It belongs to the semimetals because it shows metallic or non-metallic properties depending on the modification.Arsenic, which is known as a poison, is often simply called &amp;quot;arsenic&amp;quot;. Arsenic compounds have been known since ancient times. Arsenic compounds can act as a poison, which can lead to cancer formation.&lt;\/div&gt;\"><span itemprop=\"name\">Arsenic<\/span><\/a><\/li><li class=\"\" itemscope itemtype=\"https:\/\/schema.org\/DefinedTerm\"><a href=\"https:\/\/www.swissbells.com\/en\/glossary\/bell-model\/\" role=\"term\" class=\"glossaryLink glossary-link-title \" style=\"\" itemprop=\"url\" aria-describedby=\"tt\" data-cmtooltip=\"&lt;div class=glossaryItemTitle&gt;Bell model&lt;\/div&gt;&lt;div class=glossaryItemBody&gt;&amp;lt;strong&amp;gt;Bell models&amp;lt;\/strong&amp;gt;&nbsp;are needed in production to make the sand shape of the bell. A bell model is a copy of the master model, which is used until the model is too thin and is replaced by a new cast of the master model. Usually the bell model is made of synthetic resin or&nbsp;bronze.&lt;\/div&gt;\"><span itemprop=\"name\">Bell model<\/span><\/a><\/li><li class=\"\" itemscope itemtype=\"https:\/\/schema.org\/DefinedTerm\"><a href=\"https:\/\/www.swissbells.com\/en\/glossary\/bronze\/\" role=\"term\" class=\"glossaryLink glossary-link-title \" style=\"\" itemprop=\"url\" aria-describedby=\"tt\" data-cmtooltip=\"&lt;div class=glossaryItemTitle&gt;Bronze&lt;\/div&gt;&lt;div class=glossaryItemBody&gt;&amp;lt;strong&amp;gt;Bronze&amp;lt;\/strong&amp;gt;&nbsp;is a metal alloy with a proportion of at least 60% copper. The different alloys are called aluminum&nbsp;bronze, lead&nbsp;bronze, phosphor&nbsp;bronze&nbsp;or tin&nbsp;bronze.The term&nbsp;bronze&nbsp;comes from Italian (bronzo) and French (bronze). The production of&nbsp;bronze&nbsp;on a large scale is between 2500 and 2000 BC. Known in the Middle East. The&nbsp;Bronze&nbsp;Age followed the Copper Age, which brought various achievements in device manufacturing with it. Jewelry and weapons were also made during this period. The&nbsp;Bronze&nbsp;Age was followed by the Iron Age, which increasingly replaced the use of&nbsp;bronze&nbsp;with iron.&lt;\/div&gt;\"><span itemprop=\"name\">Bronze<\/span><\/a><\/li><li class=\"\" itemscope itemtype=\"https:\/\/schema.org\/DefinedTerm\"><a href=\"https:\/\/www.swissbells.com\/en\/glossary\/copper\/\" role=\"term\" class=\"glossaryLink glossary-link-title \" style=\"\" itemprop=\"url\" aria-describedby=\"tt\" data-cmtooltip=\"&lt;div class=glossaryItemTitle&gt;Copper&lt;\/div&gt;&lt;div class=glossaryItemBody&gt;&amp;lt;strong&amp;gt;Copper&amp;lt;\/strong&amp;gt;&nbsp;(Latin Cuprum) is a chemical element with the element symbol Cu and the atomic number 29. The Latin name &amp;quot;Cuprum&rdquo; ((aes) cyprium) indicates the origin of copper in ancient times and means: &amp;quot;Ore from the Greek island of Cyprus&rdquo; .The metal is relatively soft and therefore easy to shape and is tough. Copper was used to mint coins very early on. This semi-precious metal is used in the electricity industry and also as a heat conductor.Historically, copper was used 10,000 years ago. The widespread use of copper is known as the Copper Age (5,000-3,000 BC in Europe)The melting point is 1357.77 K (1084.62 &deg; C)Main occurrences: Chile, Peru, Poland, Portugal, Sweden and the USA&lt;\/div&gt;\"><span itemprop=\"name\">Copper<\/span><\/a><\/li><li class=\"\" itemscope itemtype=\"https:\/\/schema.org\/DefinedTerm\"><a href=\"https:\/\/www.swissbells.com\/en\/glossary\/core\/\" role=\"term\" class=\"glossaryLink glossary-link-title \" style=\"\" itemprop=\"url\" aria-describedby=\"tt\" data-cmtooltip=\"&lt;div class=glossaryItemTitle&gt;Core&lt;\/div&gt;&lt;div class=glossaryItemBody&gt;&amp;lt;strong&amp;gt;Core&amp;lt;\/strong&amp;gt;, or inner shape of the bell. So that the core does not fall into the jacket, it is reinforced with reinforcements. The sprues, which bring the&nbsp;bronze&nbsp;to its destination, run through the core. The ventilation channels for the gases produced during casting are also insertet here.&lt;\/div&gt;\"><span itemprop=\"name\">Core<\/span><\/a><\/li><li class=\"\" itemscope itemtype=\"https:\/\/schema.org\/DefinedTerm\"><a href=\"https:\/\/www.swissbells.com\/en\/glossary\/cow-bells\/\" role=\"term\" class=\"glossaryLink glossary-link-title \" style=\"\" itemprop=\"url\" aria-describedby=\"tt\" data-cmtooltip=\"&lt;div class=glossaryItemTitle&gt;Cow bells&lt;\/div&gt;&lt;div class=glossaryItemBody&gt;&amp;lt;strong&amp;gt;Cow bells&amp;lt;\/strong&amp;gt;, also called treicheln, are used in animal husbandry. The bells are made in a multitude of shapes and manufacturing methods, for example&nbsp;bronze&nbsp;bells are cast, treicheln are hammered and welded by machine or by hand.Cowbells are primarily used to find animals on an alp in the fog or as a measuring instrument for the herd. If the herd becomes restless, be it due to a hunter or a storm, the farmer or the shepherd can react to dangers at an early stage.The cowbell is also used in the music sector as a percussion instrument or for drums. As a musical instrument there are specially tuned bells.The oldest cast bells from the&nbsp;Bronze&nbsp;Age are from the Shang dynasty from the 15th century BC known.&lt;\/div&gt;\"><span itemprop=\"name\">Cow bells<\/span><\/a><\/li><li class=\"\" itemscope itemtype=\"https:\/\/schema.org\/DefinedTerm\"><a href=\"https:\/\/www.swissbells.com\/en\/glossary\/ddp\/\" role=\"term\" class=\"glossaryLink glossary-link-title \" style=\"\" itemprop=\"url\" aria-describedby=\"tt\" data-cmtooltip=\"&lt;div class=glossaryItemTitle&gt;DDP&lt;\/div&gt;&lt;div class=glossaryItemBody&gt;&amp;lt;strong&amp;gt;DDP&amp;lt;\/strong&amp;gt;, Delivered Duty Paid, &amp;quot;Duty-paid agreed place of delivery&rdquo;, an Incoterm that means that the seller pays the transport costs and customs duties and bears all risks until the goods are delivered.&lt;\/div&gt;\"><span itemprop=\"name\">DDP<\/span><\/a><\/li><li class=\"\" itemscope itemtype=\"https:\/\/schema.org\/DefinedTerm\"><a href=\"https:\/\/www.swissbells.com\/en\/glossary\/lead\/\" role=\"term\" class=\"glossaryLink glossary-link-title \" style=\"\" itemprop=\"url\" aria-describedby=\"tt\" data-cmtooltip=\"&lt;div class=glossaryItemTitle&gt;Lead&lt;\/div&gt;&lt;div class=glossaryItemBody&gt;&amp;lt;strong&amp;gt;Lead&amp;lt;\/strong&amp;gt; is a chemical element with the element symbol Pb (Latin plumbum) and atomic number 82. It is a toxic heavy metal. Lead is easily malleable and has a low melting point of 327&deg;C. Lead is abundant in the earth&amp;#039;s crust compared to other heavy elements (like mercury, gold).&lt;\/div&gt;\"><span itemprop=\"name\">Lead<\/span><\/a><\/li><li class=\"\" itemscope itemtype=\"https:\/\/schema.org\/DefinedTerm\"><a href=\"https:\/\/www.swissbells.com\/en\/glossary\/mantle\/\" role=\"term\" class=\"glossaryLink glossary-link-title \" style=\"\" itemprop=\"url\" aria-describedby=\"tt\" data-cmtooltip=\"&lt;div class=glossaryItemTitle&gt;Mantle&lt;\/div&gt;&lt;div class=glossaryItemBody&gt;&amp;lt;strong&amp;gt;Mantle&amp;lt;\/strong&amp;gt;, or also called the outer shape of the bell sand shape. The bracket, also known as the L&auml;tsch, is also embedded in the coat. This is richly decorated and labeled with various characters. Of course, your own symbols or coats of arms and logos can be produced to give the bell a very personal touch. By removing the cast bell, the birth, the mantle is destroyed and must be made anew for each bell.&lt;\/div&gt;\"><span itemprop=\"name\">Mantle<\/span><\/a><\/li><li class=\"\" itemscope itemtype=\"https:\/\/schema.org\/DefinedTerm\"><a href=\"https:\/\/www.swissbells.com\/en\/glossary\/master-models\/\" role=\"term\" class=\"glossaryLink glossary-link-title \" style=\"\" itemprop=\"url\" aria-describedby=\"tt\" data-cmtooltip=\"&lt;div class=glossaryItemTitle&gt;Master models&lt;\/div&gt;&lt;div class=glossaryItemBody&gt;&amp;lt;strong&amp;gt;Master models&amp;lt;\/strong&amp;gt;&nbsp;are the basic shapes for making bells. The master models can be made from a wide variety of materials. While clay and wood were used in the past, newer models are made from plaster of paris,&nbsp;bronze, synthetic resin or using 3D printing. The bell models have to be replaced from time to time due to the wear and tear of the bell models. For this purpose, the basic model is carefully stored in the archive so that a bell model can be made from it again.&lt;\/div&gt;\"><span itemprop=\"name\">Master models<\/span><\/a><\/li><li class=\"\" itemscope itemtype=\"https:\/\/schema.org\/DefinedTerm\"><a href=\"https:\/\/www.swissbells.com\/en\/glossary\/natural-sand\/\" role=\"term\" class=\"glossaryLink glossary-link-title \" style=\"\" itemprop=\"url\" aria-describedby=\"tt\" data-cmtooltip=\"&lt;div class=glossaryItemTitle&gt;Natural sand&lt;\/div&gt;&lt;div class=glossaryItemBody&gt;&amp;lt;strong&amp;gt;Natural sand&amp;lt;\/strong&amp;gt;&nbsp;is a central component in bell casting and must contain 20-22% clay in order to be processed as a bell shape. So that the sand molds can be decorated, the sand is mixed with approx. 5% water. Based on his many years of experience, the master caster can tell by the grip of the sand whether enough water has been added. Every sand delivery is different and must be handled differently.Natural sand deposits: Germany, France&lt;\/div&gt;\"><span itemprop=\"name\">Natural sand<\/span><\/a><\/li><li class=\"\" itemscope itemtype=\"https:\/\/schema.org\/DefinedTerm\"><a href=\"https:\/\/www.swissbells.com\/en\/glossary\/sandblasting\/\" role=\"term\" class=\"glossaryLink glossary-link-title \" style=\"\" itemprop=\"url\" aria-describedby=\"tt\" data-cmtooltip=\"&lt;div class=glossaryItemTitle&gt;Sandblasting&lt;\/div&gt;&lt;div class=glossaryItemBody&gt;&amp;lt;strong&amp;gt;Sandblasting&amp;lt;\/strong&amp;gt;&nbsp;is required to remove the residual sand and discoloration from the casting. Compressed air accelerates sand, i.e. a blasting agent, out of a container and hurls it onto the casting. Sandblasting is an abrasive cleaning technique, i.e. unwanted components of the surface are detached and carried away.Thanks to technological progress, the bells no longer have to be laboriously cleaned with a wire brush.&lt;\/div&gt;\"><span itemprop=\"name\">Sandblasting<\/span><\/a><\/li><li class=\"\" itemscope itemtype=\"https:\/\/schema.org\/DefinedTerm\"><a href=\"https:\/\/www.swissbells.com\/en\/glossary\/tin\/\" role=\"term\" class=\"glossaryLink glossary-link-title \" style=\"\" itemprop=\"url\" aria-describedby=\"tt\" data-cmtooltip=\"&lt;div class=glossaryItemTitle&gt;Tin&lt;\/div&gt;&lt;div class=glossaryItemBody&gt;&amp;lt;strong&amp;gt;Tin&amp;lt;\/strong&amp;gt;&nbsp;(Stannum) is a chemical element with the element symbol Sn and the atomic number 50.This metal is very soft and can even be drawn with a fingernail. Pure tin plates can be bent by hand, which creates what is known as &amp;quot;tin screeching&rdquo;.Historically, tin&nbsp;bronze&nbsp;was used in the Balkans around 4,650 BC. Used. Tin also heralded the&nbsp;Bronze&nbsp;Age, which lasted from 2200 to 800 BC. lasted.The melting point is 505.08 K (231.93 &deg; C)Main occurrences: Brazil, People&rsquo;s Republic of China, Indonesia, Myanmar, Portugal&lt;\/div&gt;\"><span itemprop=\"name\">Tin<\/span><\/a><\/li><li class=\"\" itemscope itemtype=\"https:\/\/schema.org\/DefinedTerm\"><a href=\"https:\/\/www.swissbells.com\/en\/glossary\/wedding\/\" role=\"term\" class=\"glossaryLink glossary-link-title \" style=\"\" itemprop=\"url\" aria-describedby=\"tt\" data-cmtooltip=\"&lt;div class=glossaryItemTitle&gt;Wedding&lt;\/div&gt;&lt;div class=glossaryItemBody&gt;&amp;lt;strong&amp;gt;Wedding&amp;lt;\/strong&amp;gt;&nbsp;is the union of the outer and inner form, i.e. of the core and the shell. To counteract the enormous casting forces, the mold is closed by means of clamps.&lt;\/div&gt;\"><span itemprop=\"name\">Wedding<\/span><\/a><\/li><\/ul><\/div><\/div>\n","protected":false},"excerpt":{"rendered":"","protected":false},"author":6,"featured_media":0,"parent":0,"menu_order":0,"comment_status":"closed","ping_status":"closed","template":"","meta":{"footnotes":""},"class_list":["post-1017","page","type-page","status-publish","hentry"],"yoast_head":"<!-- This site is optimized with the Yoast SEO plugin v27.4 - https:\/\/yoast.com\/product\/yoast-seo-wordpress\/ -->\n<title>Glossary index - Glockengiesserei Berger GmbH<\/title>\n<meta name=\"description\" content=\"Das Glossar f\u00fcr Fachbegriffe aus der Kuhglockenwelt. Fachausdr\u00fccke erkl\u00e4rt f\u00fcr alle. Ein erweiterter Einblick in die Produktion.\" \/>\n<meta name=\"robots\" content=\"index, follow, max-snippet:-1, max-image-preview:large, max-video-preview:-1\" \/>\n<link rel=\"canonical\" href=\"https:\/\/www.swissbells.com\/en\/glossary\/\" \/>\n<meta property=\"og:locale\" content=\"en_US\" \/>\n<meta property=\"og:type\" content=\"article\" \/>\n<meta property=\"og:title\" content=\"Glossary index - Glockengiesserei Berger GmbH\" \/>\n<meta property=\"og:description\" content=\"Das Glossar f\u00fcr Fachbegriffe aus der Kuhglockenwelt. Fachausdr\u00fccke erkl\u00e4rt f\u00fcr alle. Ein erweiterter Einblick in die Produktion.\" \/>\n<meta property=\"og:url\" content=\"https:\/\/www.swissbells.com\/en\/glossary\/\" \/>\n<meta property=\"og:site_name\" content=\"Glockengiesserei Berger GmbH\" \/>\n<meta property=\"article:modified_time\" content=\"2021-09-30T09:27:39+00:00\" \/>\n<meta name=\"twitter:card\" content=\"summary_large_image\" \/>\n<script type=\"application\/ld+json\" class=\"yoast-schema-graph\">{\"@context\":\"https:\\\/\\\/schema.org\",\"@graph\":[{\"@type\":\"WebPage\",\"@id\":\"https:\\\/\\\/www.swissbells.com\\\/en\\\/glossary\\\/\",\"url\":\"https:\\\/\\\/www.swissbells.com\\\/en\\\/glossary\\\/\",\"name\":\"Glossary index - Glockengiesserei Berger GmbH\",\"isPartOf\":{\"@id\":\"https:\\\/\\\/www.swissbells.com\\\/#website\"},\"datePublished\":\"2021-09-27T07:18:22+00:00\",\"dateModified\":\"2021-09-30T09:27:39+00:00\",\"description\":\"Das Glossar f\u00fcr Fachbegriffe aus der Kuhglockenwelt. Fachausdr\u00fccke erkl\u00e4rt f\u00fcr alle. Ein erweiterter Einblick in die Produktion.\",\"breadcrumb\":{\"@id\":\"https:\\\/\\\/www.swissbells.com\\\/en\\\/glossary\\\/#breadcrumb\"},\"inLanguage\":\"en-US\",\"potentialAction\":[{\"@type\":\"ReadAction\",\"target\":[\"https:\\\/\\\/www.swissbells.com\\\/en\\\/glossary\\\/\"]}]},{\"@type\":\"BreadcrumbList\",\"@id\":\"https:\\\/\\\/www.swissbells.com\\\/en\\\/glossary\\\/#breadcrumb\",\"itemListElement\":[{\"@type\":\"ListItem\",\"position\":1,\"name\":\"Home\",\"item\":\"https:\\\/\\\/www.swissbells.com\\\/en\\\/craftsmanship\\\/\"},{\"@type\":\"ListItem\",\"position\":2,\"name\":\"Glossary index\"}]},{\"@type\":\"WebSite\",\"@id\":\"https:\\\/\\\/www.swissbells.com\\\/#website\",\"url\":\"https:\\\/\\\/www.swissbells.com\\\/\",\"name\":\"Glockengiesserei Berger GmbH\",\"description\":\"Kuhglocken seit 1730\",\"publisher\":{\"@id\":\"https:\\\/\\\/www.swissbells.com\\\/#organization\"},\"potentialAction\":[{\"@type\":\"SearchAction\",\"target\":{\"@type\":\"EntryPoint\",\"urlTemplate\":\"https:\\\/\\\/www.swissbells.com\\\/?s={search_term_string}\"},\"query-input\":{\"@type\":\"PropertyValueSpecification\",\"valueRequired\":true,\"valueName\":\"search_term_string\"}}],\"inLanguage\":\"en-US\"},{\"@type\":\"Organization\",\"@id\":\"https:\\\/\\\/www.swissbells.com\\\/#organization\",\"name\":\"Glockengiesserei Berger GmbH\",\"url\":\"https:\\\/\\\/www.swissbells.com\\\/\",\"logo\":{\"@type\":\"ImageObject\",\"inLanguage\":\"en-US\",\"@id\":\"https:\\\/\\\/www.swissbells.com\\\/#\\\/schema\\\/logo\\\/image\\\/\",\"url\":\"https:\\\/\\\/www.swissbells.com\\\/wp-content\\\/uploads\\\/2022\\\/10\\\/berger_giesserei_horizontal_p872-78d893b5.png\",\"contentUrl\":\"https:\\\/\\\/www.swissbells.com\\\/wp-content\\\/uploads\\\/2022\\\/10\\\/berger_giesserei_horizontal_p872-78d893b5.png\",\"width\":230,\"height\":88,\"caption\":\"Glockengiesserei Berger GmbH\"},\"image\":{\"@id\":\"https:\\\/\\\/www.swissbells.com\\\/#\\\/schema\\\/logo\\\/image\\\/\"}}]}<\/script>\n<!-- \/ Yoast SEO plugin. -->","yoast_head_json":{"title":"Glossary index - Glockengiesserei Berger GmbH","description":"Das Glossar f\u00fcr Fachbegriffe aus der Kuhglockenwelt. Fachausdr\u00fccke erkl\u00e4rt f\u00fcr alle. Ein erweiterter Einblick in die Produktion.","robots":{"index":"index","follow":"follow","max-snippet":"max-snippet:-1","max-image-preview":"max-image-preview:large","max-video-preview":"max-video-preview:-1"},"canonical":"https:\/\/www.swissbells.com\/en\/glossary\/","og_locale":"en_US","og_type":"article","og_title":"Glossary index - Glockengiesserei Berger GmbH","og_description":"Das Glossar f\u00fcr Fachbegriffe aus der Kuhglockenwelt. Fachausdr\u00fccke erkl\u00e4rt f\u00fcr alle. Ein erweiterter Einblick in die Produktion.","og_url":"https:\/\/www.swissbells.com\/en\/glossary\/","og_site_name":"Glockengiesserei Berger GmbH","article_modified_time":"2021-09-30T09:27:39+00:00","twitter_card":"summary_large_image","schema":{"@context":"https:\/\/schema.org","@graph":[{"@type":"WebPage","@id":"https:\/\/www.swissbells.com\/en\/glossary\/","url":"https:\/\/www.swissbells.com\/en\/glossary\/","name":"Glossary index - Glockengiesserei Berger GmbH","isPartOf":{"@id":"https:\/\/www.swissbells.com\/#website"},"datePublished":"2021-09-27T07:18:22+00:00","dateModified":"2021-09-30T09:27:39+00:00","description":"Das Glossar f\u00fcr Fachbegriffe aus der Kuhglockenwelt. Fachausdr\u00fccke erkl\u00e4rt f\u00fcr alle. Ein erweiterter Einblick in die Produktion.","breadcrumb":{"@id":"https:\/\/www.swissbells.com\/en\/glossary\/#breadcrumb"},"inLanguage":"en-US","potentialAction":[{"@type":"ReadAction","target":["https:\/\/www.swissbells.com\/en\/glossary\/"]}]},{"@type":"BreadcrumbList","@id":"https:\/\/www.swissbells.com\/en\/glossary\/#breadcrumb","itemListElement":[{"@type":"ListItem","position":1,"name":"Home","item":"https:\/\/www.swissbells.com\/en\/craftsmanship\/"},{"@type":"ListItem","position":2,"name":"Glossary index"}]},{"@type":"WebSite","@id":"https:\/\/www.swissbells.com\/#website","url":"https:\/\/www.swissbells.com\/","name":"Glockengiesserei Berger GmbH","description":"Kuhglocken seit 1730","publisher":{"@id":"https:\/\/www.swissbells.com\/#organization"},"potentialAction":[{"@type":"SearchAction","target":{"@type":"EntryPoint","urlTemplate":"https:\/\/www.swissbells.com\/?s={search_term_string}"},"query-input":{"@type":"PropertyValueSpecification","valueRequired":true,"valueName":"search_term_string"}}],"inLanguage":"en-US"},{"@type":"Organization","@id":"https:\/\/www.swissbells.com\/#organization","name":"Glockengiesserei Berger GmbH","url":"https:\/\/www.swissbells.com\/","logo":{"@type":"ImageObject","inLanguage":"en-US","@id":"https:\/\/www.swissbells.com\/#\/schema\/logo\/image\/","url":"https:\/\/www.swissbells.com\/wp-content\/uploads\/2022\/10\/berger_giesserei_horizontal_p872-78d893b5.png","contentUrl":"https:\/\/www.swissbells.com\/wp-content\/uploads\/2022\/10\/berger_giesserei_horizontal_p872-78d893b5.png","width":230,"height":88,"caption":"Glockengiesserei Berger GmbH"},"image":{"@id":"https:\/\/www.swissbells.com\/#\/schema\/logo\/image\/"}}]}},"_links":{"self":[{"href":"https:\/\/www.swissbells.com\/en\/wp-json\/wp\/v2\/pages\/1017","targetHints":{"allow":["GET"]}}],"collection":[{"href":"https:\/\/www.swissbells.com\/en\/wp-json\/wp\/v2\/pages"}],"about":[{"href":"https:\/\/www.swissbells.com\/en\/wp-json\/wp\/v2\/types\/page"}],"author":[{"embeddable":true,"href":"https:\/\/www.swissbells.com\/en\/wp-json\/wp\/v2\/users\/6"}],"replies":[{"embeddable":true,"href":"https:\/\/www.swissbells.com\/en\/wp-json\/wp\/v2\/comments?post=1017"}],"version-history":[{"count":3,"href":"https:\/\/www.swissbells.com\/en\/wp-json\/wp\/v2\/pages\/1017\/revisions"}],"predecessor-version":[{"id":2712,"href":"https:\/\/www.swissbells.com\/en\/wp-json\/wp\/v2\/pages\/1017\/revisions\/2712"}],"wp:attachment":[{"href":"https:\/\/www.swissbells.com\/en\/wp-json\/wp\/v2\/media?parent=1017"}],"curies":[{"name":"wp","href":"https:\/\/api.w.org\/{rel}","templated":true}]}}